{"id":2408,"date":"2018-12-12T16:40:40","date_gmt":"2018-12-12T15:40:40","guid":{"rendered":"http:\/\/grp.cloud\/?page_id=2408"},"modified":"2018-12-17T21:25:32","modified_gmt":"2018-12-17T20:25:32","slug":"close-up-magic","status":"publish","type":"page","link":"https:\/\/www.sebastienlouis16.com\/en\/close-up-magic\/","title":{"rendered":"Close-up magic"},"content":{"rendered":"<p>[vc_row full_width=&#8221;stretch_row&#8221; parallax=&#8221;content-moving&#8221;][vc_column]\n\t\t\t<section class=\"height-60 imagebg cover cover-1 parallax\" data-overlay=\"4\">\n\t\t\t\t<div class=\"background-image-holder\">\n\t\t\t\t\t<img loading=\"lazy\" decoding=\"async\" width=\"2048\" height=\"1365\" src=\"https:\/\/www.sebastienlouis16.com\/wp-content\/uploads\/2018\/11\/couscous-giant-card.jpg\" class=\"attachment-full size-full\" alt=\"\" srcset=\"https:\/\/www.sebastienlouis16.com\/wp-content\/uploads\/2018\/11\/couscous-giant-card.jpg 2048w, https:\/\/www.sebastienlouis16.com\/wp-content\/uploads\/2018\/11\/couscous-giant-card-300x200.jpg 300w, https:\/\/www.sebastienlouis16.com\/wp-content\/uploads\/2018\/11\/couscous-giant-card-768x512.jpg 768w, https:\/\/www.sebastienlouis16.com\/wp-content\/uploads\/2018\/11\/couscous-giant-card-1024x683.jpg 1024w, https:\/\/www.sebastienlouis16.com\/wp-content\/uploads\/2018\/11\/couscous-giant-card-600x400.jpg 600w\" sizes=\"auto, (max-width: 2048px) 100vw, 2048px\" \/>\n\t\t\t\t<\/div>\n\t\t\t\t<div class=\"container pos-vertical-center\">\n\t\t\t\t\t[vc_column_text]<\/p>\n<h1 style=\"text-align: center;\">Close-up Magic\/h1>[\/vc_column_text]\n\t\t\t\t<\/div>\n\t\t\t\t<div class=\"col-sm-12 pos-absolute pos-bottom\">\n\t\t\t\t\t<div class=\"row\">\n\t\t\t\t\t\t<div class=\"col-sm-12 text-center\">\n\t\t\t\t\t\t\t<ul class=\"social-list\"><\/ul>\n\t\t\t\t\t\t<\/div>\n\t\t\t\t\t<\/div>\n\t\t\t\t<\/div>\n\t\t\t<\/section>\n\t\t[\/vc_column][\/vc_row][vc_row][vc_column width=&#8221;1\/6&#8243;][\/vc_column][vc_column width=&#8221;2\/3&#8243;][vc_column_text]<\/h1>\n<p style=\"text-align: justify; font-size: 25px; line-height: 35px;\">Close-up magic is the art of fascinating the spectators that are close by; it is an incredible experience to amaze someone who is but at a meter\u2019s distance! You will see objects appearing, disappearing and being transformed. We never understand anything!<\/p>\n<p>[\/vc_column_text][vc_column_text]<\/p>\n<p style=\"text-align: justify;\">This kind of show ties in humour and magic and is easily adaptable to special events, conventions, group suppers, golf tournaments, private parties, marriages&#8230;<\/p>\n<p style=\"text-align: justify;\">It has now been over 15 years that Sebastien has been perfecting this format, to be at the cutting edge of new trends and to generate the most complete astonishment at every performance. A guaranteed successful evening with professional showmanship out of the ordinary!<\/p>\n<p>[\/vc_column_text][\/vc_column][vc_column width=&#8221;1\/6&#8243;][\/vc_column][\/vc_row][vc_row][vc_column width=&#8221;1\/6&#8243;][\/vc_column][vc_column width=&#8221;2\/3&#8243;]\n\t\t\t<div class=\"video-cover\">\n\t\t\t\t<div class=\"background-image-holder\">\n\t\t\t\t\t<img loading=\"lazy\" decoding=\"async\" width=\"1280\" height=\"720\" src=\"https:\/\/www.sebastienlouis16.com\/wp-content\/uploads\/2018\/11\/pour-le-plaisir.jpg\" class=\"attachment-full size-full\" alt=\"\" srcset=\"https:\/\/www.sebastienlouis16.com\/wp-content\/uploads\/2018\/11\/pour-le-plaisir.jpg 1280w, https:\/\/www.sebastienlouis16.com\/wp-content\/uploads\/2018\/11\/pour-le-plaisir-300x169.jpg 300w, https:\/\/www.sebastienlouis16.com\/wp-content\/uploads\/2018\/11\/pour-le-plaisir-768x432.jpg 768w, https:\/\/www.sebastienlouis16.com\/wp-content\/uploads\/2018\/11\/pour-le-plaisir-1024x576.jpg 1024w, https:\/\/www.sebastienlouis16.com\/wp-content\/uploads\/2018\/11\/pour-le-plaisir-600x338.jpg 600w\" sizes=\"auto, (max-width: 1280px) 100vw, 1280px\" \/>\n\t\t\t\t<\/div>\n\t\t\t\t<div class=\"video-play-icon \"><\/div>\n\t\t\t\t<iframe loading=\"lazy\" title=\"V\u00e9ronique Dicaire et Michel Barette sont subjugu\u00e9s! Et vous le serez aussi!!! MAGIE\" width=\"533\" height=\"300\" src=\"https:\/\/www.youtube.com\/embed\/n0C0hMYETQo?feature=oembed\" frameborder=\"0\" allow=\"accelerometer; autoplay; clipboard-write; encrypted-media; gyroscope; picture-in-picture; web-share\" referrerpolicy=\"strict-origin-when-cross-origin\" allowfullscreen><\/iframe>\n\t\t\t<\/div>\n\t\t[vc_empty_space height=&#8221;50px&#8221;]\n\t\t\t<div class=\"video-cover\">\n\t\t\t\t<div class=\"background-image-holder\">\n\t\t\t\t\t<img loading=\"lazy\" decoding=\"async\" width=\"1280\" height=\"720\" src=\"https:\/\/www.sebastienlouis16.com\/wp-content\/uploads\/2018\/11\/pour-le-plaisir_2.jpg\" class=\"attachment-full size-full\" alt=\"\" srcset=\"https:\/\/www.sebastienlouis16.com\/wp-content\/uploads\/2018\/11\/pour-le-plaisir_2.jpg 1280w, https:\/\/www.sebastienlouis16.com\/wp-content\/uploads\/2018\/11\/pour-le-plaisir_2-300x169.jpg 300w, https:\/\/www.sebastienlouis16.com\/wp-content\/uploads\/2018\/11\/pour-le-plaisir_2-768x432.jpg 768w, https:\/\/www.sebastienlouis16.com\/wp-content\/uploads\/2018\/11\/pour-le-plaisir_2-1024x576.jpg 1024w, https:\/\/www.sebastienlouis16.com\/wp-content\/uploads\/2018\/11\/pour-le-plaisir_2-600x338.jpg 600w\" sizes=\"auto, (max-width: 1280px) 100vw, 1280px\" \/>\n\t\t\t\t<\/div>\n\t\t\t\t<div class=\"video-play-icon \"><\/div>\n\t\t\t\t<iframe loading=\"lazy\" title=\"V\u00e9ronique Dicaire et Michel Barette sont subjugu\u00e9s! Et vous le serez aussi!!! MAGIE\" width=\"533\" height=\"300\" src=\"https:\/\/www.youtube.com\/embed\/n0C0hMYETQo?feature=oembed\" frameborder=\"0\" allow=\"accelerometer; autoplay; clipboard-write; encrypted-media; gyroscope; picture-in-picture; web-share\" referrerpolicy=\"strict-origin-when-cross-origin\" allowfullscreen><\/iframe>\n\t\t\t<\/div>\n\t\t[\/vc_column][vc_column width=&#8221;1\/6&#8243;][\/vc_column][\/vc_row][vc_row parallax=&#8221;content-moving&#8221; parallax_image=&#8221;2042&#8243; el_id=&#8221;newsletter&#8221;][vc_column][vc_column_text css=&#8221;.vc_custom_1544629236776{margin-bottom: 0px !important;}&#8221;]<\/p>\n<h4 style=\"text-align: center;\">Become a fan!<\/h4>\n<p>[\/vc_column_text]<script type=\"text\/javascript\">\n\/* <![CDATA[ *\/\nvar gform;gform||(document.addEventListener(\"gform_main_scripts_loaded\",function(){gform.scriptsLoaded=!0}),document.addEventListener(\"gform\/theme\/scripts_loaded\",function(){gform.themeScriptsLoaded=!0}),window.addEventListener(\"DOMContentLoaded\",function(){gform.domLoaded=!0}),gform={domLoaded:!1,scriptsLoaded:!1,themeScriptsLoaded:!1,isFormEditor:()=>\"function\"==typeof InitializeEditor,callIfLoaded:function(o){return!(!gform.domLoaded||!gform.scriptsLoaded||!gform.themeScriptsLoaded&&!gform.isFormEditor()||(gform.isFormEditor()&&console.warn(\"The use of gform.initializeOnLoaded() is deprecated in the form editor context and will be removed in Gravity Forms 3.1.\"),o(),0))},initializeOnLoaded:function(o){gform.callIfLoaded(o)||(document.addEventListener(\"gform_main_scripts_loaded\",()=>{gform.scriptsLoaded=!0,gform.callIfLoaded(o)}),document.addEventListener(\"gform\/theme\/scripts_loaded\",()=>{gform.themeScriptsLoaded=!0,gform.callIfLoaded(o)}),window.addEventListener(\"DOMContentLoaded\",()=>{gform.domLoaded=!0,gform.callIfLoaded(o)}))},hooks:{action:{},filter:{}},addAction:function(o,r,e,t){gform.addHook(\"action\",o,r,e,t)},addFilter:function(o,r,e,t){gform.addHook(\"filter\",o,r,e,t)},doAction:function(o){gform.doHook(\"action\",o,arguments)},applyFilters:function(o){return gform.doHook(\"filter\",o,arguments)},removeAction:function(o,r){gform.removeHook(\"action\",o,r)},removeFilter:function(o,r,e){gform.removeHook(\"filter\",o,r,e)},addHook:function(o,r,e,t,n){null==gform.hooks[o][r]&&(gform.hooks[o][r]=[]);var d=gform.hooks[o][r];null==n&&(n=r+\"_\"+d.length),gform.hooks[o][r].push({tag:n,callable:e,priority:t=null==t?10:t})},doHook:function(r,o,e){var t;if(e=Array.prototype.slice.call(e,1),null!=gform.hooks[r][o]&&((o=gform.hooks[r][o]).sort(function(o,r){return o.priority-r.priority}),o.forEach(function(o){\"function\"!=typeof(t=o.callable)&&(t=window[t]),\"action\"==r?t.apply(null,e):e[0]=t.apply(null,e)})),\"filter\"==r)return e[0]},removeHook:function(o,r,t,n){var e;null!=gform.hooks[o][r]&&(e=(e=gform.hooks[o][r]).filter(function(o,r,e){return!!(null!=n&&n!=o.tag||null!=t&&t!=o.priority)}),gform.hooks[o][r]=e)}});\n\/* ]]> *\/\n<\/script>\n\n                <div class='gf_browser_gecko gform_wrapper gform_legacy_markup_wrapper gform-theme--no-framework form_mailchimp_wrapper' data-form-theme='legacy' data-form-index='0' id='gform_wrapper_1' ><form method='post' enctype='multipart\/form-data'  id='gform_1' class='form_mailchimp' action='\/en\/wp-json\/wp\/v2\/pages\/2408' data-formid='1' novalidate>\n                        <div class='gform-body gform_body'><ul id='gform_fields_1' class='gform_fields top_label form_sublabel_below description_below validation_below'><li id=\"field_1_1\" class=\"gfield gfield--type-email gf_left_half gfield_contains_required field_sublabel_below gfield--no-description field_description_below field_validation_below gfield_visibility_visible\"  ><label class='gfield_label gform-field-label' for='input_1_1'>Email<span class=\"gfield_required\"><span class=\"gfield_required gfield_required_asterisk\">*<\/span><\/span><\/label><div class='ginput_container ginput_container_email'>\n                            <input name='input_1' id='input_1_1' type='email' value='Email' class='large'    aria-required=\"true\" aria-invalid=\"false\"  \/>\n                        <\/div><\/li><\/ul><\/div>\n        <div class='gform-footer gform_footer top_label'> <input type='submit' id='gform_submit_button_1' class='gform_button button' onclick='gform.submission.handleButtonClick(this);' data-submission-type='submit' value='Subscribe'  \/> \n            <input type='hidden' class='gform_hidden' name='gform_submission_method' data-js='gform_submission_method_1' value='postback' \/>\n            <input type='hidden' class='gform_hidden' name='gform_theme' data-js='gform_theme_1' id='gform_theme_1' value='legacy' \/>\n            <input type='hidden' class='gform_hidden' name='gform_style_settings' data-js='gform_style_settings_1' id='gform_style_settings_1' value='[]' \/>\n            <input type='hidden' class='gform_hidden' name='is_submit_1' value='1' \/>\n            <input type='hidden' class='gform_hidden' name='gform_submit' value='1' \/>\n            \n            <input type='hidden' class='gform_hidden' name='gform_unique_id' value='' \/>\n            <input type='hidden' class='gform_hidden' name='state_1' value='WyJbXSIsIjAzZjM0NjhiOGRhMGVlNDZmMWY5OGZkNTZiMTQ3ZDBlIl0=' \/>\n            <input type='hidden' autocomplete='off' class='gform_hidden' name='gform_target_page_number_1' id='gform_target_page_number_1' value='0' \/>\n            <input type='hidden' autocomplete='off' class='gform_hidden' name='gform_source_page_number_1' id='gform_source_page_number_1' value='1' \/>\n            <input type='hidden' name='gform_field_values' value='' \/>\n            \n        <\/div>\n                        <\/form>\n                        <\/div><script type=\"text\/javascript\">\n\/* <![CDATA[ *\/\n gform.initializeOnLoaded( function() {gformInitSpinner( 1, 'https:\/\/www.sebastienlouis16.com\/wp-content\/plugins\/gravityforms\/images\/spinner.svg', true );jQuery('#gform_ajax_frame_1').on('load',function(){var contents = jQuery(this).contents().find('*').html();var is_postback = contents.indexOf('GF_AJAX_POSTBACK') >= 0;if(!is_postback){return;}var form_content = jQuery(this).contents().find('#gform_wrapper_1');var is_confirmation = jQuery(this).contents().find('#gform_confirmation_wrapper_1').length > 0;var is_redirect = contents.indexOf('gformRedirect(){') >= 0;var is_form = form_content.length > 0 && ! is_redirect && ! is_confirmation;var mt = parseInt(jQuery('html').css('margin-top'), 10) + parseInt(jQuery('body').css('margin-top'), 10) + 100;if(is_form){jQuery('#gform_wrapper_1').html(form_content.html());if(form_content.hasClass('gform_validation_error')){jQuery('#gform_wrapper_1').addClass('gform_validation_error');} else {jQuery('#gform_wrapper_1').removeClass('gform_validation_error');}setTimeout( function() { \/* delay the scroll by 50 milliseconds to fix a bug in chrome *\/  }, 50 );if(window['gformInitDatepicker']) {gformInitDatepicker();}if(window['gformInitPriceFields']) {gformInitPriceFields();}var current_page = jQuery('#gform_source_page_number_1').val();gformInitSpinner( 1, 'https:\/\/www.sebastienlouis16.com\/wp-content\/plugins\/gravityforms\/images\/spinner.svg', true );jQuery(document).trigger('gform_page_loaded', [1, current_page]);window['gf_submitting_1'] = false;}else if(!is_redirect){var confirmation_content = jQuery(this).contents().find('.GF_AJAX_POSTBACK').html();if(!confirmation_content){confirmation_content = contents;}jQuery('#gform_wrapper_1').replaceWith(confirmation_content);jQuery(document).trigger('gform_confirmation_loaded', [1]);window['gf_submitting_1'] = false;wp.a11y.speak(jQuery('#gform_confirmation_message_1').text());}else{jQuery('#gform_1').append(contents);if(window['gformRedirect']) {gformRedirect();}}jQuery(document).trigger(\"gform_pre_post_render\", [{ formId: \"1\", currentPage: \"current_page\", abort: function() { this.preventDefault(); } }]);        if (event && event.defaultPrevented) {                return;        }        const gformWrapperDiv = document.getElementById( \"gform_wrapper_1\" );        if ( gformWrapperDiv ) {            const visibilitySpan = document.createElement( \"span\" );            visibilitySpan.id = \"gform_visibility_test_1\";            gformWrapperDiv.insertAdjacentElement( \"afterend\", visibilitySpan );        }        const visibilityTestDiv = document.getElementById( \"gform_visibility_test_1\" );        let postRenderFired = false;        function triggerPostRender() {            if ( postRenderFired ) {                return;            }            postRenderFired = true;            gform.core.triggerPostRenderEvents( 1, current_page );            if ( visibilityTestDiv ) {                visibilityTestDiv.parentNode.removeChild( visibilityTestDiv );            }        }        function debounce( func, wait, immediate ) {            var timeout;            return function() {                var context = this, args = arguments;                var later = function() {                    timeout = null;                    if ( !immediate ) func.apply( context, args );                };                var callNow = immediate && !timeout;                clearTimeout( timeout );                timeout = setTimeout( later, wait );                if ( callNow ) func.apply( context, args );            };        }        const debouncedTriggerPostRender = debounce( function() {            triggerPostRender();        }, 200 );        if ( visibilityTestDiv && visibilityTestDiv.offsetParent === null ) {            const observer = new MutationObserver( ( mutations ) => {                mutations.forEach( ( mutation ) => {                    if ( mutation.type === 'attributes' && visibilityTestDiv.offsetParent !== null ) {                        debouncedTriggerPostRender();                        observer.disconnect();                    }                });            });            observer.observe( document.body, {                attributes: true,                childList: false,                subtree: true,                attributeFilter: [ 'style', 'class' ],            });        } else {            triggerPostRender();        }    } );} ); \n\/* ]]> *\/\n<\/script>\n[\/vc_column][\/vc_row]<\/p>\n","protected":false},"excerpt":{"rendered":"<p>[vc_row full_width=&#8221;stretch_row&#8221; parallax=&#8221;content-moving&#8221;][vc_column][\/vc_column][\/vc_row][vc_row][vc_column width=&#8221;1\/6&#8243;][\/vc_column][vc_column width=&#8221;2\/3&#8243;][vc_column_text] Close-up magic is the art of fascinating the spectators that are close by; it is an incredible experience to amaze someone who is but at a meter\u2019s distance! You will see objects appearing, disappearing and being transformed. We never understand anything! [\/vc_column_text][vc_column_text] This kind of show ties in humour and [&hellip;]<\/p>\n","protected":false},"author":1,"featured_media":0,"parent":0,"menu_order":0,"comment_status":"closed","ping_status":"closed","template":"","meta":{"_monsterinsights_skip_tracking":false,"_monsterinsights_sitenote_active":false,"_monsterinsights_sitenote_note":"","_monsterinsights_sitenote_category":0,"footnotes":""},"class_list":["post-2408","page","type-page","status-publish","hentry"],"yoast_head":"<!-- This site is optimized with the Yoast SEO plugin v26.2 - https:\/\/yoast.com\/wordpress\/plugins\/seo\/ -->\n<title>Close-up magic - S\u00e9bastien Louis-XVI<\/title>\n<meta name=\"robots\" content=\"index, follow, max-snippet:-1, max-image-preview:large, max-video-preview:-1\" \/>\n<link rel=\"canonical\" href=\"https:\/\/www.sebastienlouis16.com\/micro-magie\/\" \/>\n<meta property=\"og:locale\" content=\"en_US\" \/>\n<meta property=\"og:type\" content=\"article\" \/>\n<meta property=\"og:title\" content=\"Close-up magic - S\u00e9bastien Louis-XVI\" \/>\n<meta property=\"og:description\" content=\"[vc_row full_width=&#8221;stretch_row&#8221; parallax=&#8221;content-moving&#8221;][vc_column][\/vc_column][\/vc_row][vc_row][vc_column width=&#8221;1\/6&#8243;][\/vc_column][vc_column width=&#8221;2\/3&#8243;][vc_column_text] Close-up magic is the art of fascinating the spectators that are close by; it is an incredible experience to amaze someone who is but at a meter\u2019s distance! You will see objects appearing, disappearing and being transformed. We never understand anything! [\/vc_column_text][vc_column_text] This kind of show ties in humour and [&hellip;]\" \/>\n<meta property=\"og:url\" content=\"https:\/\/www.sebastienlouis16.com\/micro-magie\/\" \/>\n<meta property=\"og:site_name\" content=\"S\u00e9bastien Louis-XVI\" \/>\n<meta property=\"article:publisher\" content=\"https:\/\/www.facebook.com\/sebastienlouis16magicien\" \/>\n<meta property=\"article:modified_time\" content=\"2018-12-17T20:25:32+00:00\" \/>\n<meta property=\"og:image\" content=\"https:\/\/www.sebastienlouis16.com\/wp-content\/uploads\/2019\/10\/Ajouter-un-sous-titre.png\" \/>\n\t<meta property=\"og:image:width\" content=\"1280\" \/>\n\t<meta property=\"og:image:height\" content=\"720\" \/>\n\t<meta property=\"og:image:type\" content=\"image\/png\" \/>\n<meta name=\"twitter:card\" content=\"summary_large_image\" \/>\n<meta name=\"twitter:label1\" content=\"Est. reading time\" \/>\n\t<meta name=\"twitter:data1\" content=\"1 minute\" \/>\n<script type=\"application\/ld+json\" class=\"yoast-schema-graph\">{\"@context\":\"https:\/\/schema.org\",\"@graph\":[{\"@type\":\"WebPage\",\"@id\":\"https:\/\/www.sebastienlouis16.com\/micro-magie\/\",\"url\":\"https:\/\/www.sebastienlouis16.com\/micro-magie\/\",\"name\":\"Close-up magic - S\u00e9bastien Louis-XVI\",\"isPartOf\":{\"@id\":\"https:\/\/www.sebastienlouis16.com\/#website\"},\"datePublished\":\"2018-12-12T15:40:40+00:00\",\"dateModified\":\"2018-12-17T20:25:32+00:00\",\"breadcrumb\":{\"@id\":\"https:\/\/www.sebastienlouis16.com\/micro-magie\/#breadcrumb\"},\"inLanguage\":\"en-US\",\"potentialAction\":[{\"@type\":\"ReadAction\",\"target\":[\"https:\/\/www.sebastienlouis16.com\/micro-magie\/\"]}]},{\"@type\":\"BreadcrumbList\",\"@id\":\"https:\/\/www.sebastienlouis16.com\/micro-magie\/#breadcrumb\",\"itemListElement\":[{\"@type\":\"ListItem\",\"position\":1,\"name\":\"Accueil\",\"item\":\"https:\/\/www.sebastienlouis16.com\/en\/\"},{\"@type\":\"ListItem\",\"position\":2,\"name\":\"Close-up magic\"}]},{\"@type\":\"WebSite\",\"@id\":\"https:\/\/www.sebastienlouis16.com\/#website\",\"url\":\"https:\/\/www.sebastienlouis16.com\/\",\"name\":\"S\u00e9bastien Louis-XVI - Magicien profession - spectacle et \u00e9v\u00e9nement priv\u00e9\",\"description\":\"Magicien, Conf\u00e9rencier, Percussionniste\",\"publisher\":{\"@id\":\"https:\/\/www.sebastienlouis16.com\/#\/schema\/person\/7327db5b78b88ace9b3a83370aa7569e\"},\"potentialAction\":[{\"@type\":\"SearchAction\",\"target\":{\"@type\":\"EntryPoint\",\"urlTemplate\":\"https:\/\/www.sebastienlouis16.com\/?s={search_term_string}\"},\"query-input\":{\"@type\":\"PropertyValueSpecification\",\"valueRequired\":true,\"valueName\":\"search_term_string\"}}],\"inLanguage\":\"en-US\"},{\"@type\":[\"Person\",\"Organization\"],\"@id\":\"https:\/\/www.sebastienlouis16.com\/#\/schema\/person\/7327db5b78b88ace9b3a83370aa7569e\",\"name\":\"Sebastien\",\"image\":{\"@type\":\"ImageObject\",\"inLanguage\":\"en-US\",\"@id\":\"https:\/\/www.sebastienlouis16.com\/#\/schema\/person\/image\/\",\"url\":\"https:\/\/www.sebastienlouis16.com\/wp-content\/uploads\/2020\/10\/29-scaled.jpg\",\"contentUrl\":\"https:\/\/www.sebastienlouis16.com\/wp-content\/uploads\/2020\/10\/29-scaled.jpg\",\"width\":1707,\"height\":2560,\"caption\":\"Sebastien\"},\"logo\":{\"@id\":\"https:\/\/www.sebastienlouis16.com\/#\/schema\/person\/image\/\"},\"sameAs\":[\"https:\/\/www.sebastienlouis16.com\",\"https:\/\/www.facebook.com\/sebastienlouis16magicien\"]}]}<\/script>\n<!-- \/ Yoast SEO plugin. -->","yoast_head_json":{"title":"Close-up magic - S\u00e9bastien Louis-XVI","robots":{"index":"index","follow":"follow","max-snippet":"max-snippet:-1","max-image-preview":"max-image-preview:large","max-video-preview":"max-video-preview:-1"},"canonical":"https:\/\/www.sebastienlouis16.com\/micro-magie\/","og_locale":"en_US","og_type":"article","og_title":"Close-up magic - S\u00e9bastien Louis-XVI","og_description":"[vc_row full_width=&#8221;stretch_row&#8221; parallax=&#8221;content-moving&#8221;][vc_column][\/vc_column][\/vc_row][vc_row][vc_column width=&#8221;1\/6&#8243;][\/vc_column][vc_column width=&#8221;2\/3&#8243;][vc_column_text] Close-up magic is the art of fascinating the spectators that are close by; it is an incredible experience to amaze someone who is but at a meter\u2019s distance! You will see objects appearing, disappearing and being transformed. We never understand anything! [\/vc_column_text][vc_column_text] This kind of show ties in humour and [&hellip;]","og_url":"https:\/\/www.sebastienlouis16.com\/micro-magie\/","og_site_name":"S\u00e9bastien Louis-XVI","article_publisher":"https:\/\/www.facebook.com\/sebastienlouis16magicien","article_modified_time":"2018-12-17T20:25:32+00:00","og_image":[{"width":1280,"height":720,"url":"https:\/\/www.sebastienlouis16.com\/wp-content\/uploads\/2019\/10\/Ajouter-un-sous-titre.png","type":"image\/png"}],"twitter_card":"summary_large_image","twitter_misc":{"Est. reading time":"1 minute"},"schema":{"@context":"https:\/\/schema.org","@graph":[{"@type":"WebPage","@id":"https:\/\/www.sebastienlouis16.com\/micro-magie\/","url":"https:\/\/www.sebastienlouis16.com\/micro-magie\/","name":"Close-up magic - S\u00e9bastien Louis-XVI","isPartOf":{"@id":"https:\/\/www.sebastienlouis16.com\/#website"},"datePublished":"2018-12-12T15:40:40+00:00","dateModified":"2018-12-17T20:25:32+00:00","breadcrumb":{"@id":"https:\/\/www.sebastienlouis16.com\/micro-magie\/#breadcrumb"},"inLanguage":"en-US","potentialAction":[{"@type":"ReadAction","target":["https:\/\/www.sebastienlouis16.com\/micro-magie\/"]}]},{"@type":"BreadcrumbList","@id":"https:\/\/www.sebastienlouis16.com\/micro-magie\/#breadcrumb","itemListElement":[{"@type":"ListItem","position":1,"name":"Accueil","item":"https:\/\/www.sebastienlouis16.com\/en\/"},{"@type":"ListItem","position":2,"name":"Close-up magic"}]},{"@type":"WebSite","@id":"https:\/\/www.sebastienlouis16.com\/#website","url":"https:\/\/www.sebastienlouis16.com\/","name":"S\u00e9bastien Louis-XVI - Magicien profession - spectacle et \u00e9v\u00e9nement priv\u00e9","description":"Magicien, Conf\u00e9rencier, Percussionniste","publisher":{"@id":"https:\/\/www.sebastienlouis16.com\/#\/schema\/person\/7327db5b78b88ace9b3a83370aa7569e"},"potentialAction":[{"@type":"SearchAction","target":{"@type":"EntryPoint","urlTemplate":"https:\/\/www.sebastienlouis16.com\/?s={search_term_string}"},"query-input":{"@type":"PropertyValueSpecification","valueRequired":true,"valueName":"search_term_string"}}],"inLanguage":"en-US"},{"@type":["Person","Organization"],"@id":"https:\/\/www.sebastienlouis16.com\/#\/schema\/person\/7327db5b78b88ace9b3a83370aa7569e","name":"Sebastien","image":{"@type":"ImageObject","inLanguage":"en-US","@id":"https:\/\/www.sebastienlouis16.com\/#\/schema\/person\/image\/","url":"https:\/\/www.sebastienlouis16.com\/wp-content\/uploads\/2020\/10\/29-scaled.jpg","contentUrl":"https:\/\/www.sebastienlouis16.com\/wp-content\/uploads\/2020\/10\/29-scaled.jpg","width":1707,"height":2560,"caption":"Sebastien"},"logo":{"@id":"https:\/\/www.sebastienlouis16.com\/#\/schema\/person\/image\/"},"sameAs":["https:\/\/www.sebastienlouis16.com","https:\/\/www.facebook.com\/sebastienlouis16magicien"]}]}},"_links":{"self":[{"href":"https:\/\/www.sebastienlouis16.com\/en\/wp-json\/wp\/v2\/pages\/2408","targetHints":{"allow":["GET"]}}],"collection":[{"href":"https:\/\/www.sebastienlouis16.com\/en\/wp-json\/wp\/v2\/pages"}],"about":[{"href":"https:\/\/www.sebastienlouis16.com\/en\/wp-json\/wp\/v2\/types\/page"}],"author":[{"embeddable":true,"href":"https:\/\/www.sebastienlouis16.com\/en\/wp-json\/wp\/v2\/users\/1"}],"replies":[{"embeddable":true,"href":"https:\/\/www.sebastienlouis16.com\/en\/wp-json\/wp\/v2\/comments?post=2408"}],"version-history":[{"count":0,"href":"https:\/\/www.sebastienlouis16.com\/en\/wp-json\/wp\/v2\/pages\/2408\/revisions"}],"wp:attachment":[{"href":"https:\/\/www.sebastienlouis16.com\/en\/wp-json\/wp\/v2\/media?parent=2408"}],"curies":[{"name":"wp","href":"https:\/\/api.w.org\/{rel}","templated":true}]}}