{"id":2528,"date":"2018-12-17T21:51:39","date_gmt":"2018-12-17T20:51:39","guid":{"rendered":"http:\/\/grp.cloud\/?post_type=product&#038;p=2528"},"modified":"2023-10-20T20:28:13","modified_gmt":"2023-10-21T00:28:13","slug":"la-vie-album","status":"publish","type":"product","link":"https:\/\/www.sebastienlouis16.com\/en\/produit\/la-vie-album\/","title":{"rendered":"La vie &#8211; Album"},"content":{"rendered":"<div id=\"audioigniter-2501\" class=\"audioigniter-root \" data-player-type=\"full\" data-tracks-url=\"https:\/\/www.sebastienlouis16.com\/en\/?audioigniter_playlist_id=2501\" data-display-track-no=\"true\" data-reverse-track-order=\"false\" data-display-tracklist-covers=\"true\" data-display-active-cover=\"true\" data-display-artist-names=\"true\" data-display-buy-buttons=\"true\" data-buy-buttons-target=\"true\" data-cycle-tracks=\"false\" data-display-credits=\"false\" data-display-tracklist=\"true\" data-allow-tracklist-toggle=\"true\" data-allow-tracklist-loop=\"true\" data-limit-tracklist-height=\"true\" data-volume=\"100\" data-tracklist-height=\"450\" ><\/div>\n","protected":false},"excerpt":{"rendered":"<p>Lorem ipsum dolor sit amet, mei affert civibus atomorum et, sea an zril eruditi, cum id eleifend suscipiantur vituperatoribus. Sea in ridens nemore, enim facilisi mea ex. Ut doming debitis accusamus qui. Sit principes necessitatibus et, primis impedit tractatos vis in.<\/p>\n","protected":false},"featured_media":2419,"template":"","meta":{"_monsterinsights_skip_tracking":false,"_monsterinsights_sitenote_active":false,"_monsterinsights_sitenote_note":"","_monsterinsights_sitenote_category":0},"product_brand":[],"product_cat":[36],"product_tag":[],"class_list":{"0":"post-2528","1":"product","2":"type-product","3":"status-publish","4":"has-post-thumbnail","6":"product_cat-music","8":"first","9":"instock","10":"downloadable","11":"shipping-taxable","12":"purchasable","13":"product-type-simple"},"yoast_head":"<!-- This site is optimized with the Yoast SEO plugin v26.2 - https:\/\/yoast.com\/wordpress\/plugins\/seo\/ -->\n<title>La vie - Album - S\u00e9bastien Louis-XVI<\/title>\n<meta name=\"robots\" content=\"index, follow, max-snippet:-1, max-image-preview:large, max-video-preview:-1\" \/>\n<link rel=\"canonical\" href=\"https:\/\/www.sebastienlouis16.com\/produit\/la-vie-album\/\" \/>\n<meta property=\"og:locale\" content=\"en_US\" \/>\n<meta property=\"og:type\" content=\"article\" \/>\n<meta property=\"og:title\" content=\"La vie - Album - S\u00e9bastien Louis-XVI\" \/>\n<meta property=\"og:description\" content=\"Lorem ipsum dolor sit amet, mei affert civibus atomorum et, sea an zril eruditi, cum id eleifend suscipiantur vituperatoribus. Sea in ridens nemore, enim facilisi mea ex. Ut doming debitis accusamus qui. Sit principes necessitatibus et, primis impedit tractatos vis in.\" \/>\n<meta property=\"og:url\" content=\"https:\/\/www.sebastienlouis16.com\/produit\/la-vie-album\/\" \/>\n<meta property=\"og:site_name\" content=\"S\u00e9bastien Louis-XVI\" \/>\n<meta property=\"article:publisher\" content=\"https:\/\/www.facebook.com\/sebastienlouis16magicien\" \/>\n<meta property=\"article:modified_time\" content=\"2023-10-21T00:28:13+00:00\" \/>\n<meta property=\"og:image\" content=\"https:\/\/www.sebastienlouis16.com\/wp-content\/uploads\/2018\/12\/album-la-vie-pre\u0301face.jpg\" \/>\n\t<meta property=\"og:image:width\" content=\"1400\" \/>\n\t<meta property=\"og:image:height\" content=\"1400\" \/>\n\t<meta property=\"og:image:type\" content=\"image\/jpeg\" \/>\n<meta name=\"twitter:card\" content=\"summary_large_image\" \/>\n<script type=\"application\/ld+json\" class=\"yoast-schema-graph\">{\"@context\":\"https:\/\/schema.org\",\"@graph\":[{\"@type\":\"WebPage\",\"@id\":\"https:\/\/www.sebastienlouis16.com\/produit\/la-vie-album\/\",\"url\":\"https:\/\/www.sebastienlouis16.com\/produit\/la-vie-album\/\",\"name\":\"La vie - Album - S\u00e9bastien Louis-XVI\",\"isPartOf\":{\"@id\":\"https:\/\/www.sebastienlouis16.com\/#website\"},\"primaryImageOfPage\":{\"@id\":\"https:\/\/www.sebastienlouis16.com\/produit\/la-vie-album\/#primaryimage\"},\"image\":{\"@id\":\"https:\/\/www.sebastienlouis16.com\/produit\/la-vie-album\/#primaryimage\"},\"thumbnailUrl\":\"https:\/\/www.sebastienlouis16.com\/wp-content\/uploads\/2018\/12\/album-la-vie-pre\u0301face.jpg\",\"datePublished\":\"2018-12-17T20:51:39+00:00\",\"dateModified\":\"2023-10-21T00:28:13+00:00\",\"breadcrumb\":{\"@id\":\"https:\/\/www.sebastienlouis16.com\/produit\/la-vie-album\/#breadcrumb\"},\"inLanguage\":\"en-US\",\"potentialAction\":[{\"@type\":\"ReadAction\",\"target\":[\"https:\/\/www.sebastienlouis16.com\/produit\/la-vie-album\/\"]}]},{\"@type\":\"ImageObject\",\"inLanguage\":\"en-US\",\"@id\":\"https:\/\/www.sebastienlouis16.com\/produit\/la-vie-album\/#primaryimage\",\"url\":\"https:\/\/www.sebastienlouis16.com\/wp-content\/uploads\/2018\/12\/album-la-vie-pre\u0301face.jpg\",\"contentUrl\":\"https:\/\/www.sebastienlouis16.com\/wp-content\/uploads\/2018\/12\/album-la-vie-pre\u0301face.jpg\",\"width\":1400,\"height\":1400},{\"@type\":\"BreadcrumbList\",\"@id\":\"https:\/\/www.sebastienlouis16.com\/produit\/la-vie-album\/#breadcrumb\",\"itemListElement\":[{\"@type\":\"ListItem\",\"position\":1,\"name\":\"Accueil\",\"item\":\"https:\/\/www.sebastienlouis16.com\/en\/\"},{\"@type\":\"ListItem\",\"position\":2,\"name\":\"Boutique\",\"item\":\"https:\/\/www.sebastienlouis16.com\/boutique\/\"},{\"@type\":\"ListItem\",\"position\":3,\"name\":\"La vie &#8211; Album\"}]},{\"@type\":\"WebSite\",\"@id\":\"https:\/\/www.sebastienlouis16.com\/#website\",\"url\":\"https:\/\/www.sebastienlouis16.com\/\",\"name\":\"S\u00e9bastien Louis-XVI - Magicien profession - spectacle et \u00e9v\u00e9nement priv\u00e9\",\"description\":\"Magicien, Conf\u00e9rencier, Percussionniste\",\"publisher\":{\"@id\":\"https:\/\/www.sebastienlouis16.com\/#\/schema\/person\/7327db5b78b88ace9b3a83370aa7569e\"},\"potentialAction\":[{\"@type\":\"SearchAction\",\"target\":{\"@type\":\"EntryPoint\",\"urlTemplate\":\"https:\/\/www.sebastienlouis16.com\/?s={search_term_string}\"},\"query-input\":{\"@type\":\"PropertyValueSpecification\",\"valueRequired\":true,\"valueName\":\"search_term_string\"}}],\"inLanguage\":\"en-US\"},{\"@type\":[\"Person\",\"Organization\"],\"@id\":\"https:\/\/www.sebastienlouis16.com\/#\/schema\/person\/7327db5b78b88ace9b3a83370aa7569e\",\"name\":\"Sebastien\",\"image\":{\"@type\":\"ImageObject\",\"inLanguage\":\"en-US\",\"@id\":\"https:\/\/www.sebastienlouis16.com\/#\/schema\/person\/image\/\",\"url\":\"https:\/\/www.sebastienlouis16.com\/wp-content\/uploads\/2020\/10\/29-scaled.jpg\",\"contentUrl\":\"https:\/\/www.sebastienlouis16.com\/wp-content\/uploads\/2020\/10\/29-scaled.jpg\",\"width\":1707,\"height\":2560,\"caption\":\"Sebastien\"},\"logo\":{\"@id\":\"https:\/\/www.sebastienlouis16.com\/#\/schema\/person\/image\/\"},\"sameAs\":[\"https:\/\/www.sebastienlouis16.com\",\"https:\/\/www.facebook.com\/sebastienlouis16magicien\"]}]}<\/script>\n<!-- \/ Yoast SEO plugin. -->","yoast_head_json":{"title":"La vie - Album - S\u00e9bastien Louis-XVI","robots":{"index":"index","follow":"follow","max-snippet":"max-snippet:-1","max-image-preview":"max-image-preview:large","max-video-preview":"max-video-preview:-1"},"canonical":"https:\/\/www.sebastienlouis16.com\/produit\/la-vie-album\/","og_locale":"en_US","og_type":"article","og_title":"La vie - Album - S\u00e9bastien Louis-XVI","og_description":"Lorem ipsum dolor sit amet, mei affert civibus atomorum et, sea an zril eruditi, cum id eleifend suscipiantur vituperatoribus. Sea in ridens nemore, enim facilisi mea ex. Ut doming debitis accusamus qui. Sit principes necessitatibus et, primis impedit tractatos vis in.","og_url":"https:\/\/www.sebastienlouis16.com\/produit\/la-vie-album\/","og_site_name":"S\u00e9bastien Louis-XVI","article_publisher":"https:\/\/www.facebook.com\/sebastienlouis16magicien","article_modified_time":"2023-10-21T00:28:13+00:00","og_image":[{"width":1400,"height":1400,"url":"https:\/\/www.sebastienlouis16.com\/wp-content\/uploads\/2018\/12\/album-la-vie-pre\u0301face.jpg","type":"image\/jpeg"}],"twitter_card":"summary_large_image","schema":{"@context":"https:\/\/schema.org","@graph":[{"@type":"WebPage","@id":"https:\/\/www.sebastienlouis16.com\/produit\/la-vie-album\/","url":"https:\/\/www.sebastienlouis16.com\/produit\/la-vie-album\/","name":"La vie - Album - S\u00e9bastien Louis-XVI","isPartOf":{"@id":"https:\/\/www.sebastienlouis16.com\/#website"},"primaryImageOfPage":{"@id":"https:\/\/www.sebastienlouis16.com\/produit\/la-vie-album\/#primaryimage"},"image":{"@id":"https:\/\/www.sebastienlouis16.com\/produit\/la-vie-album\/#primaryimage"},"thumbnailUrl":"https:\/\/www.sebastienlouis16.com\/wp-content\/uploads\/2018\/12\/album-la-vie-pre\u0301face.jpg","datePublished":"2018-12-17T20:51:39+00:00","dateModified":"2023-10-21T00:28:13+00:00","breadcrumb":{"@id":"https:\/\/www.sebastienlouis16.com\/produit\/la-vie-album\/#breadcrumb"},"inLanguage":"en-US","potentialAction":[{"@type":"ReadAction","target":["https:\/\/www.sebastienlouis16.com\/produit\/la-vie-album\/"]}]},{"@type":"ImageObject","inLanguage":"en-US","@id":"https:\/\/www.sebastienlouis16.com\/produit\/la-vie-album\/#primaryimage","url":"https:\/\/www.sebastienlouis16.com\/wp-content\/uploads\/2018\/12\/album-la-vie-pre\u0301face.jpg","contentUrl":"https:\/\/www.sebastienlouis16.com\/wp-content\/uploads\/2018\/12\/album-la-vie-pre\u0301face.jpg","width":1400,"height":1400},{"@type":"BreadcrumbList","@id":"https:\/\/www.sebastienlouis16.com\/produit\/la-vie-album\/#breadcrumb","itemListElement":[{"@type":"ListItem","position":1,"name":"Accueil","item":"https:\/\/www.sebastienlouis16.com\/en\/"},{"@type":"ListItem","position":2,"name":"Boutique","item":"https:\/\/www.sebastienlouis16.com\/boutique\/"},{"@type":"ListItem","position":3,"name":"La vie &#8211; Album"}]},{"@type":"WebSite","@id":"https:\/\/www.sebastienlouis16.com\/#website","url":"https:\/\/www.sebastienlouis16.com\/","name":"S\u00e9bastien Louis-XVI - Magicien profession - spectacle et \u00e9v\u00e9nement priv\u00e9","description":"Magicien, Conf\u00e9rencier, Percussionniste","publisher":{"@id":"https:\/\/www.sebastienlouis16.com\/#\/schema\/person\/7327db5b78b88ace9b3a83370aa7569e"},"potentialAction":[{"@type":"SearchAction","target":{"@type":"EntryPoint","urlTemplate":"https:\/\/www.sebastienlouis16.com\/?s={search_term_string}"},"query-input":{"@type":"PropertyValueSpecification","valueRequired":true,"valueName":"search_term_string"}}],"inLanguage":"en-US"},{"@type":["Person","Organization"],"@id":"https:\/\/www.sebastienlouis16.com\/#\/schema\/person\/7327db5b78b88ace9b3a83370aa7569e","name":"Sebastien","image":{"@type":"ImageObject","inLanguage":"en-US","@id":"https:\/\/www.sebastienlouis16.com\/#\/schema\/person\/image\/","url":"https:\/\/www.sebastienlouis16.com\/wp-content\/uploads\/2020\/10\/29-scaled.jpg","contentUrl":"https:\/\/www.sebastienlouis16.com\/wp-content\/uploads\/2020\/10\/29-scaled.jpg","width":1707,"height":2560,"caption":"Sebastien"},"logo":{"@id":"https:\/\/www.sebastienlouis16.com\/#\/schema\/person\/image\/"},"sameAs":["https:\/\/www.sebastienlouis16.com","https:\/\/www.facebook.com\/sebastienlouis16magicien"]}]}},"_links":{"self":[{"href":"https:\/\/www.sebastienlouis16.com\/en\/wp-json\/wp\/v2\/product\/2528","targetHints":{"allow":["GET"]}}],"collection":[{"href":"https:\/\/www.sebastienlouis16.com\/en\/wp-json\/wp\/v2\/product"}],"about":[{"href":"https:\/\/www.sebastienlouis16.com\/en\/wp-json\/wp\/v2\/types\/product"}],"wp:featuredmedia":[{"embeddable":true,"href":"https:\/\/www.sebastienlouis16.com\/en\/wp-json\/wp\/v2\/media\/2419"}],"wp:attachment":[{"href":"https:\/\/www.sebastienlouis16.com\/en\/wp-json\/wp\/v2\/media?parent=2528"}],"wp:term":[{"taxonomy":"product_brand","embeddable":true,"href":"https:\/\/www.sebastienlouis16.com\/en\/wp-json\/wp\/v2\/product_brand?post=2528"},{"taxonomy":"product_cat","embeddable":true,"href":"https:\/\/www.sebastienlouis16.com\/en\/wp-json\/wp\/v2\/product_cat?post=2528"},{"taxonomy":"product_tag","embeddable":true,"href":"https:\/\/www.sebastienlouis16.com\/en\/wp-json\/wp\/v2\/product_tag?post=2528"}],"curies":[{"name":"wp","href":"https:\/\/api.w.org\/{rel}","templated":true}]}}