{"id":2778,"date":"2019-02-25T13:08:33","date_gmt":"2019-02-25T18:08:33","guid":{"rendered":"https:\/\/www.sebastienlouis16.com\/?post_type=product&#038;p=2778"},"modified":"2019-02-25T13:09:02","modified_gmt":"2019-02-25T18:09:02","slug":"test","status":"publish","type":"product","link":"https:\/\/www.sebastienlouis16.com\/en\/produit\/test\/","title":{"rendered":"test"},"content":{"rendered":"","protected":true},"excerpt":{"rendered":"","protected":true},"featured_media":0,"template":"","meta":{"_monsterinsights_skip_tracking":false,"_monsterinsights_sitenote_active":false,"_monsterinsights_sitenote_note":"","_monsterinsights_sitenote_category":0},"product_brand":[],"product_cat":[15],"product_tag":[],"class_list":{"0":"post-2778","1":"product","2":"type-product","3":"status-publish","4":"post-password-required","6":"product_cat-uncategorized","8":"first","9":"instock","10":"virtual","11":"sold-individually","12":"purchasable","13":"product-type-simple"},"yoast_head":"<!-- This site is optimized with the Yoast SEO plugin v26.2 - https:\/\/yoast.com\/wordpress\/plugins\/seo\/ -->\n<title>test - S\u00e9bastien Louis-XVI<\/title>\n<meta name=\"robots\" content=\"index, follow, max-snippet:-1, max-image-preview:large, max-video-preview:-1\" \/>\n<link rel=\"canonical\" href=\"https:\/\/www.sebastienlouis16.com\/en\/produit\/test\/\" \/>\n<meta property=\"og:locale\" content=\"en_US\" \/>\n<meta property=\"og:type\" content=\"article\" \/>\n<meta property=\"og:title\" content=\"test - S\u00e9bastien Louis-XVI\" \/>\n<meta property=\"og:description\" content=\"There is no excerpt because this is a protected post.\" \/>\n<meta property=\"og:url\" content=\"https:\/\/www.sebastienlouis16.com\/en\/produit\/test\/\" \/>\n<meta property=\"og:site_name\" content=\"S\u00e9bastien Louis-XVI\" \/>\n<meta property=\"article:publisher\" content=\"https:\/\/www.facebook.com\/sebastienlouis16magicien\" \/>\n<meta property=\"article:modified_time\" content=\"2019-02-25T18:09:02+00:00\" \/>\n<meta name=\"twitter:card\" content=\"summary_large_image\" \/>\n<script type=\"application\/ld+json\" class=\"yoast-schema-graph\">{\"@context\":\"https:\/\/schema.org\",\"@graph\":[{\"@type\":\"WebPage\",\"@id\":\"https:\/\/www.sebastienlouis16.com\/en\/produit\/test\/\",\"url\":\"https:\/\/www.sebastienlouis16.com\/en\/produit\/test\/\",\"name\":\"test - S\u00e9bastien Louis-XVI\",\"isPartOf\":{\"@id\":\"https:\/\/www.sebastienlouis16.com\/#website\"},\"datePublished\":\"2019-02-25T18:08:33+00:00\",\"dateModified\":\"2019-02-25T18:09:02+00:00\",\"breadcrumb\":{\"@id\":\"https:\/\/www.sebastienlouis16.com\/en\/produit\/test\/#breadcrumb\"},\"inLanguage\":\"en-US\"},{\"@type\":\"WebSite\",\"@id\":\"https:\/\/www.sebastienlouis16.com\/#website\",\"url\":\"https:\/\/www.sebastienlouis16.com\/\",\"name\":\"S\u00e9bastien Louis-XVI - Magicien profession - spectacle et \u00e9v\u00e9nement priv\u00e9\",\"description\":\"Magicien, Conf\u00e9rencier, Percussionniste\",\"publisher\":{\"@id\":\"https:\/\/www.sebastienlouis16.com\/#\/schema\/person\/7327db5b78b88ace9b3a83370aa7569e\"},\"potentialAction\":[{\"@type\":\"SearchAction\",\"target\":{\"@type\":\"EntryPoint\",\"urlTemplate\":\"https:\/\/www.sebastienlouis16.com\/?s={search_term_string}\"},\"query-input\":{\"@type\":\"PropertyValueSpecification\",\"valueRequired\":true,\"valueName\":\"search_term_string\"}}],\"inLanguage\":\"en-US\"}]}<\/script>\n<!-- \/ Yoast SEO plugin. -->","yoast_head_json":{"title":"test - S\u00e9bastien Louis-XVI","robots":{"index":"index","follow":"follow","max-snippet":"max-snippet:-1","max-image-preview":"max-image-preview:large","max-video-preview":"max-video-preview:-1"},"canonical":"https:\/\/www.sebastienlouis16.com\/en\/produit\/test\/","og_locale":"en_US","og_type":"article","og_title":"test - S\u00e9bastien Louis-XVI","og_description":"There is no excerpt because this is a protected post.","og_url":"https:\/\/www.sebastienlouis16.com\/en\/produit\/test\/","og_site_name":"S\u00e9bastien Louis-XVI","article_publisher":"https:\/\/www.facebook.com\/sebastienlouis16magicien","article_modified_time":"2019-02-25T18:09:02+00:00","twitter_card":"summary_large_image","schema":{"@context":"https:\/\/schema.org","@graph":[{"@type":"WebPage","@id":"https:\/\/www.sebastienlouis16.com\/en\/produit\/test\/","url":"https:\/\/www.sebastienlouis16.com\/en\/produit\/test\/","name":"test - S\u00e9bastien Louis-XVI","isPartOf":{"@id":"https:\/\/www.sebastienlouis16.com\/#website"},"datePublished":"2019-02-25T18:08:33+00:00","dateModified":"2019-02-25T18:09:02+00:00","breadcrumb":{"@id":"https:\/\/www.sebastienlouis16.com\/en\/produit\/test\/#breadcrumb"},"inLanguage":"en-US"},{"@type":"WebSite","@id":"https:\/\/www.sebastienlouis16.com\/#website","url":"https:\/\/www.sebastienlouis16.com\/","name":"S\u00e9bastien Louis-XVI - Magicien profession - spectacle et \u00e9v\u00e9nement priv\u00e9","description":"Magicien, Conf\u00e9rencier, Percussionniste","publisher":{"@id":"https:\/\/www.sebastienlouis16.com\/#\/schema\/person\/7327db5b78b88ace9b3a83370aa7569e"},"potentialAction":[{"@type":"SearchAction","target":{"@type":"EntryPoint","urlTemplate":"https:\/\/www.sebastienlouis16.com\/?s={search_term_string}"},"query-input":{"@type":"PropertyValueSpecification","valueRequired":true,"valueName":"search_term_string"}}],"inLanguage":"en-US"}]}},"_links":{"self":[{"href":"https:\/\/www.sebastienlouis16.com\/en\/wp-json\/wp\/v2\/product\/2778","targetHints":{"allow":["GET"]}}],"collection":[{"href":"https:\/\/www.sebastienlouis16.com\/en\/wp-json\/wp\/v2\/product"}],"about":[{"href":"https:\/\/www.sebastienlouis16.com\/en\/wp-json\/wp\/v2\/types\/product"}],"wp:attachment":[{"href":"https:\/\/www.sebastienlouis16.com\/en\/wp-json\/wp\/v2\/media?parent=2778"}],"wp:term":[{"taxonomy":"product_brand","embeddable":true,"href":"https:\/\/www.sebastienlouis16.com\/en\/wp-json\/wp\/v2\/product_brand?post=2778"},{"taxonomy":"product_cat","embeddable":true,"href":"https:\/\/www.sebastienlouis16.com\/en\/wp-json\/wp\/v2\/product_cat?post=2778"},{"taxonomy":"product_tag","embeddable":true,"href":"https:\/\/www.sebastienlouis16.com\/en\/wp-json\/wp\/v2\/product_tag?post=2778"}],"curies":[{"name":"wp","href":"https:\/\/api.w.org\/{rel}","templated":true}]}}